{"id":11087,"date":"2025-07-11T15:33:15","date_gmt":"2025-07-11T15:33:15","guid":{"rendered":"https:\/\/www.an-group.one\/pie-de-imprenta\/"},"modified":"2026-04-27T14:16:03","modified_gmt":"2026-04-27T14:16:03","slug":"pie-de-imprenta","status":"publish","type":"page","link":"https:\/\/www.an-group.one\/es\/pie-de-imprenta\/","title":{"rendered":"Pie de imprenta"},"content":{"rendered":"\t\t<div data-elementor-type=\"wp-page\" data-elementor-id=\"11087\" class=\"elementor elementor-11087 elementor-3914\">\n\t\t\t\t<div class=\"elementor-element elementor-element-5c964277 e-flex e-con-boxed wpr-particle-no wpr-jarallax-no wpr-parallax-no wpr-sticky-section-no wpr-column-slider-no wpr-equal-height-no e-con e-parent\" data-id=\"5c964277\" data-element_type=\"container\" data-e-type=\"container\" data-settings=\"{&quot;background_background&quot;:&quot;classic&quot;}\">\n\t\t\t\t\t<div class=\"e-con-inner\">\n\t\t<div class=\"elementor-element elementor-element-1c434264 e-con-full e-flex wpr-particle-no wpr-jarallax-no wpr-parallax-no wpr-sticky-section-no wpr-column-slider-no wpr-equal-height-no e-con e-child\" data-id=\"1c434264\" data-element_type=\"container\" data-e-type=\"container\">\n\t\t\t\t<\/div>\n\t\t\t\t\t<\/div>\n\t\t\t\t<\/div>\n\t\t<div class=\"elementor-element elementor-element-930aad0 e-flex e-con-boxed wpr-particle-no wpr-jarallax-no wpr-parallax-no wpr-sticky-section-no wpr-column-slider-no wpr-equal-height-no e-con e-parent\" data-id=\"930aad0\" data-element_type=\"container\" data-e-type=\"container\">\n\t\t\t\t\t<div class=\"e-con-inner\">\n\t\t\t\t<div class=\"elementor-element elementor-element-cc11709 elementor-widget elementor-widget-heading\" data-id=\"cc11709\" data-element_type=\"widget\" data-e-type=\"widget\" data-widget_type=\"heading.default\">\n\t\t\t\t<div class=\"elementor-widget-container\">\n\t\t\t\t\t<h2 class=\"elementor-heading-title elementor-size-default\">Pie de imprenta<\/h2>\t\t\t\t<\/div>\n\t\t\t\t<\/div>\n\t\t\t\t\t<\/div>\n\t\t\t\t<\/div>\n\t\t<div class=\"elementor-element elementor-element-01d0afb e-flex e-con-boxed wpr-particle-no wpr-jarallax-no wpr-parallax-no wpr-sticky-section-no wpr-column-slider-no wpr-equal-height-no e-con e-parent\" data-id=\"01d0afb\" data-element_type=\"container\" data-e-type=\"container\">\n\t\t\t\t\t<div class=\"e-con-inner\">\n\t\t\t\t<div class=\"elementor-element elementor-element-416a16f elementor-widget elementor-widget-text-editor\" data-id=\"416a16f\" data-element_type=\"widget\" data-e-type=\"widget\" data-widget_type=\"text-editor.default\">\n\t\t\t\t<div class=\"elementor-widget-container\">\n\t\t\t\t\t\t\t\t\t<p>Este sitio web est\u00e1 gestionado por varias empresas del Grupo AN. Sirve para la presentaci\u00f3n, comunicaci\u00f3n y contacto conjuntos, por lo que <strong data-start=\"533\" data-end=\"577\">cada empresa<\/strong> es <strong data-start=\"533\" data-end=\"577\">jur\u00eddicamente independiente<\/strong> y sigue siendo <strong data-start=\"586\" data-end=\"665\">responsable del contenido de su propia \u00e1rea de responsabilidad<\/strong>. Las empresas enumeradas a continuaci\u00f3n son responsables en el sentido del art\u00edculo 5 de la TMG y del art\u00edculo 18 (2) de la MStV:   <\/p>\t\t\t\t\t\t\t\t<\/div>\n\t\t\t\t<\/div>\n\t\t\t\t\t<\/div>\n\t\t\t\t<\/div>\n\t\t<div class=\"elementor-element elementor-element-9ee6257 e-flex e-con-boxed wpr-particle-no wpr-jarallax-no wpr-parallax-no wpr-sticky-section-no wpr-column-slider-no wpr-equal-height-no e-con e-parent\" data-id=\"9ee6257\" data-element_type=\"container\" data-e-type=\"container\">\n\t\t\t\t\t<div class=\"e-con-inner\">\n\t\t<div class=\"elementor-element elementor-element-1202744 e-con-full e-flex wpr-particle-no wpr-jarallax-no wpr-parallax-no wpr-sticky-section-no wpr-column-slider-no wpr-equal-height-no e-con e-child\" data-id=\"1202744\" data-element_type=\"container\" data-e-type=\"container\">\n\t\t\t\t<div class=\"elementor-element elementor-element-23b7197 elementor-widget elementor-widget-text-editor\" data-id=\"23b7197\" data-element_type=\"widget\" data-e-type=\"widget\" data-widget_type=\"text-editor.default\">\n\t\t\t\t<div class=\"elementor-widget-container\">\n\t\t\t\t\t\t\t\t\t<div class=\"col-md-6\"><div class=\"p-3\"><div class=\"col-md-6\"><div class=\"p-3\"><div class=\"col-md-6\"><div class=\"p-3\"><p><strong>ANG International GmbH<br><\/strong>Representada por: Adrian H. L\u00fcthi, Hubert Suchy<br>Riedthofstrasse 1<br>8105 Regensdorf<\/p><p>CHE-474.091.345<br><strong><span data-teams=\"true\">Banco Cantonal de Argovia<\/span><br><\/strong>CH96 0076 1648 4472 6200 1 (CHF)<br>CH69 0076 1648 4472 6200 2 (EURO)<br>CH42 0076 1648 4472 6200 3 (USD)<\/p><\/div><\/div><\/div><\/div><\/div><\/div>\t\t\t\t\t\t\t\t<\/div>\n\t\t\t\t<\/div>\n\t\t\t\t<\/div>\n\t\t<div class=\"elementor-element elementor-element-63adcc3 e-con-full e-flex wpr-particle-no wpr-jarallax-no wpr-parallax-no wpr-sticky-section-no wpr-column-slider-no wpr-equal-height-no e-con e-child\" data-id=\"63adcc3\" data-element_type=\"container\" data-e-type=\"container\">\n\t\t\t\t<div class=\"elementor-element elementor-element-f69c22f elementor-widget elementor-widget-text-editor\" data-id=\"f69c22f\" data-element_type=\"widget\" data-e-type=\"widget\" data-widget_type=\"text-editor.default\">\n\t\t\t\t<div class=\"elementor-widget-container\">\n\t\t\t\t\t\t\t\t\t<div class=\"col-md-6\"><div class=\"p-3\"><div class=\"col-md-6\"><div class=\"p-3\"><p><strong>ANG Schweiz AG<br><\/strong>Riedthofstrasse 1<br>8105 Regensdorf<br>Tel.: +41 44 738 30 00<br><a href=\"mailto:officeCH@an-group.one\">officeCH@an-group.one<\/a><br><br>CHE-371.121.274<br> Aargauische<strong>Kantonalbank<\/strong><br>CH08 0076 1648 4160 4200 1 (CHF)<br>CH78 0076 1648 4160 4200 2 (EURO)<\/p><\/div><\/div><\/div><\/div>\t\t\t\t\t\t\t\t<\/div>\n\t\t\t\t<\/div>\n\t\t\t\t<\/div>\n\t\t<div class=\"elementor-element elementor-element-352f69e e-con-full e-flex wpr-particle-no wpr-jarallax-no wpr-parallax-no wpr-sticky-section-no wpr-column-slider-no wpr-equal-height-no e-con e-child\" data-id=\"352f69e\" data-element_type=\"container\" data-e-type=\"container\">\n\t\t\t\t<div class=\"elementor-element elementor-element-6561d57 elementor-widget elementor-widget-text-editor\" data-id=\"6561d57\" data-element_type=\"widget\" data-e-type=\"widget\" data-widget_type=\"text-editor.default\">\n\t\t\t\t<div class=\"elementor-widget-container\">\n\t\t\t\t\t\t\t\t\t<div class=\"col-md-6\"><div class=\"p-3\"><p><strong>ANG GmbH<br><\/strong>Gr\u00fcnbergstra\u00dfe15\/1\/6.OG<br>1120 Viena<br>Tel.: +43 1 367 43 16<br><a href=\"mailto:officeAT@an-group.one\">officeAT@an-group.one<\/a><\/p><p>ATU56616406<br><strong>Oberbank<\/strong><br>AT25 1500 0041 1107 9366<br>OBKLAT2L<\/p><\/div><\/div>\t\t\t\t\t\t\t\t<\/div>\n\t\t\t\t<\/div>\n\t\t\t\t<\/div>\n\t\t\t\t\t<\/div>\n\t\t\t\t<\/div>\n\t\t<div class=\"elementor-element elementor-element-88720b6 e-flex e-con-boxed wpr-particle-no wpr-jarallax-no wpr-parallax-no wpr-sticky-section-no wpr-column-slider-no wpr-equal-height-no e-con e-parent\" data-id=\"88720b6\" data-element_type=\"container\" data-e-type=\"container\">\n\t\t\t\t\t<div class=\"e-con-inner\">\n\t\t<div class=\"elementor-element elementor-element-94e3789 e-con-full e-flex wpr-particle-no wpr-jarallax-no wpr-parallax-no wpr-sticky-section-no wpr-column-slider-no wpr-equal-height-no e-con e-child\" data-id=\"94e3789\" data-element_type=\"container\" data-e-type=\"container\">\n\t\t\t\t<div class=\"elementor-element elementor-element-74200f9 elementor-widget elementor-widget-text-editor\" data-id=\"74200f9\" data-element_type=\"widget\" data-e-type=\"widget\" data-widget_type=\"text-editor.default\">\n\t\t\t\t<div class=\"elementor-widget-container\">\n\t\t\t\t\t\t\t\t\t<div class=\"col-md-6\"><div class=\"p-3\"><div class=\"col-md-6\"><div class=\"p-3\"><p><strong>ANG Deutschland GmbH<br><\/strong>Georg-Elser-Stra\u00dfe 5<br>35394 Gie\u00dfen<br>Tel.: <span data-olk-copy-source=\"MessageBody\">+49 641 972 990<\/span><br><a href=\"mailto:officeDE@an-group.one\">officeDE@an-group.one<\/a><\/p><p><span data-teams=\"true\">Tribunal de Primera Instancia de Giessen, HRB 12447<\/span><br><strong>Frankfurter Volksbank Rhein\/Main eG<\/strong><br>DE43 5019 0000 6501 5089 40<br>FFVBDEFF  <\/p><\/div><\/div><\/div><\/div>\t\t\t\t\t\t\t\t<\/div>\n\t\t\t\t<\/div>\n\t\t\t\t<\/div>\n\t\t<div class=\"elementor-element elementor-element-5a8c6c6 e-con-full e-flex wpr-particle-no wpr-jarallax-no wpr-parallax-no wpr-sticky-section-no wpr-column-slider-no wpr-equal-height-no e-con e-child\" data-id=\"5a8c6c6\" data-element_type=\"container\" data-e-type=\"container\">\n\t\t\t\t<div class=\"elementor-element elementor-element-b9dd1ee elementor-widget elementor-widget-text-editor\" data-id=\"b9dd1ee\" data-element_type=\"widget\" data-e-type=\"widget\" data-widget_type=\"text-editor.default\">\n\t\t\t\t<div class=\"elementor-widget-container\">\n\t\t\t\t\t\t\t\t\t<div class=\"col-md-6\"><div class=\"p-3\"><div class=\"col-md-6\"><div class=\"p-3\"><p><strong>ANG Americas S.A. de C.V.<br><\/strong>Gustavo Baz Prada 47 Int. 3<br> 54080<span class=\"fontColorThemeDark\">Tlalnepantla de Baz<br><\/span>Estado de M\u00e8xico<br>Tel.: +52 55 64 27 09 20<br><a href=\"mailto:officeMX@an-group.one\">officeMX@an-group.one<\/a><\/p><p><strong>Z\u00fcricher Kantonalbank<\/strong><br>CH77 0070 0114 8025 3208 1 (CHF)<br>CH09 0070 0130 0092 5007 7 (EURO)<\/p><\/div><\/div><\/div><\/div>\t\t\t\t\t\t\t\t<\/div>\n\t\t\t\t<\/div>\n\t\t\t\t<\/div>\n\t\t<div class=\"elementor-element elementor-element-08fd18d e-con-full e-flex wpr-particle-no wpr-jarallax-no wpr-parallax-no wpr-sticky-section-no wpr-column-slider-no wpr-equal-height-no e-con e-child\" data-id=\"08fd18d\" data-element_type=\"container\" data-e-type=\"container\">\n\t\t\t\t<div class=\"elementor-element elementor-element-a00e0b0 elementor-widget elementor-widget-spacer\" data-id=\"a00e0b0\" data-element_type=\"widget\" data-e-type=\"widget\" data-widget_type=\"spacer.default\">\n\t\t\t\t<div class=\"elementor-widget-container\">\n\t\t\t\t\t\t\t<div class=\"elementor-spacer\">\n\t\t\t<div class=\"elementor-spacer-inner\"><\/div>\n\t\t<\/div>\n\t\t\t\t\t\t<\/div>\n\t\t\t\t<\/div>\n\t\t\t\t<\/div>\n\t\t\t\t\t<\/div>\n\t\t\t\t<\/div>\n\t\t<div class=\"elementor-element elementor-element-c5f52c8 e-flex e-con-boxed wpr-particle-no wpr-jarallax-no wpr-parallax-no wpr-sticky-section-no wpr-column-slider-no wpr-equal-height-no e-con e-parent\" data-id=\"c5f52c8\" data-element_type=\"container\" data-e-type=\"container\" data-settings=\"{&quot;background_background&quot;:&quot;classic&quot;}\">\n\t\t\t\t\t<div class=\"e-con-inner\">\n\t\t\t\t\t<\/div>\n\t\t\t\t<\/div>\n\t\t<div class=\"elementor-element elementor-element-74faa9d e-flex e-con-boxed wpr-particle-no wpr-jarallax-no wpr-parallax-no wpr-sticky-section-no wpr-column-slider-no wpr-equal-height-no e-con e-parent\" data-id=\"74faa9d\" data-element_type=\"container\" data-e-type=\"container\">\n\t\t\t\t\t<div class=\"e-con-inner\">\n\t\t\t\t<div class=\"elementor-element elementor-element-6d9a604 elementor-widget elementor-widget-heading\" data-id=\"6d9a604\" data-element_type=\"widget\" data-e-type=\"widget\" data-widget_type=\"heading.default\">\n\t\t\t\t<div class=\"elementor-widget-container\">\n\t\t\t\t\t<h2 class=\"elementor-heading-title elementor-size-default\">Exclusi\u00f3n de responsabilidad<\/h2>\t\t\t\t<\/div>\n\t\t\t\t<\/div>\n\t\t\t\t\t<\/div>\n\t\t\t\t<\/div>\n\t\t<div class=\"elementor-element elementor-element-1c73293 e-flex e-con-boxed wpr-particle-no wpr-jarallax-no wpr-parallax-no wpr-sticky-section-no wpr-column-slider-no wpr-equal-height-no e-con e-parent\" data-id=\"1c73293\" data-element_type=\"container\" data-e-type=\"container\">\n\t\t\t\t\t<div class=\"e-con-inner\">\n\t\t\t\t<div class=\"elementor-element elementor-element-a5797e2 elementor-widget elementor-widget-text-editor\" data-id=\"a5797e2\" data-element_type=\"widget\" data-e-type=\"widget\" data-widget_type=\"text-editor.default\">\n\t\t\t\t<div class=\"elementor-widget-container\">\n\t\t\t\t\t\t\t\t\t<p>Todos los contenidos de este sitio web se han creado con el m\u00e1ximo cuidado. No obstante, el Grupo AN no asume ninguna responsabilidad por la exactitud, integridad y actualidad de la informaci\u00f3n facilitada. Los contratos s\u00f3lo se celebran mediante acuerdo expreso.  <\/p><p data-start=\"2609\" data-end=\"2642\"><strong>Enlaces a sitios web externos<br><\/strong>Los sitios externos enlazados se controlan en el momento de establecer el enlace. Un control permanente no es razonable sin pruebas concretas. Si tenemos conocimiento de contenidos ilegales, los enlaces correspondientes se eliminar\u00e1n inmediatamente. El sitio web de <strong>AN-Group International<\/strong> GmbH contiene referencias cruzadas (enlaces, plug-ins sociales) a YouTube o v\u00eddeos incrustados. Al utilizar las referencias cruzadas, el usuario abandona el sitio web de <strong>AN-Group International<\/strong> GmbH y accede al sitio web de un proveedor tercero.    <\/p><p data-start=\"2609\" data-end=\"2642\"><strong>Copyright y marcas registradas<br><\/strong>Todo el contenido de este sitio web (texto, gr\u00e1ficos, dise\u00f1o) est\u00e1 protegido por derechos de autor. La reproducci\u00f3n, edici\u00f3n o utilizaci\u00f3n requieren el consentimiento previo por escrito de la empresa correspondiente. Se permite el uso para informaci\u00f3n privada. Las marcas comerciales est\u00e1n protegidas por el derecho de marcas.   <\/p>\t\t\t\t\t\t\t\t<\/div>\n\t\t\t\t<\/div>\n\t\t\t\t\t<\/div>\n\t\t\t\t<\/div>\n\t\t<div class=\"elementor-element elementor-element-92e9403 e-flex e-con-boxed wpr-particle-no wpr-jarallax-no wpr-parallax-no wpr-sticky-section-no wpr-column-slider-no wpr-equal-height-no e-con e-parent\" data-id=\"92e9403\" data-element_type=\"container\" data-e-type=\"container\" data-settings=\"{&quot;background_background&quot;:&quot;classic&quot;}\">\n\t\t\t\t\t<div class=\"e-con-inner\">\n\t\t\t\t\t<\/div>\n\t\t\t\t<\/div>\n\t\t<div class=\"elementor-element elementor-element-1fc4409 e-flex e-con-boxed wpr-particle-no wpr-jarallax-no wpr-parallax-no wpr-sticky-section-no wpr-column-slider-no wpr-equal-height-no e-con e-parent\" data-id=\"1fc4409\" data-element_type=\"container\" data-e-type=\"container\">\n\t\t\t\t\t<div class=\"e-con-inner\">\n\t\t\t\t<div class=\"elementor-element elementor-element-3de4048 elementor-widget elementor-widget-heading\" data-id=\"3de4048\" data-element_type=\"widget\" data-e-type=\"widget\" data-widget_type=\"heading.default\">\n\t\t\t\t<div class=\"elementor-widget-container\">\n\t\t\t\t\t<h2 class=\"elementor-heading-title elementor-size-default\">Protecci\u00f3n de datos<\/h2>\t\t\t\t<\/div>\n\t\t\t\t<\/div>\n\t\t\t\t\t<\/div>\n\t\t\t\t<\/div>\n\t\t<div class=\"elementor-element elementor-element-7056f73 e-flex e-con-boxed wpr-particle-no wpr-jarallax-no wpr-parallax-no wpr-sticky-section-no wpr-column-slider-no wpr-equal-height-no e-con e-parent\" data-id=\"7056f73\" data-element_type=\"container\" data-e-type=\"container\">\n\t\t\t\t\t<div class=\"e-con-inner\">\n\t\t\t\t<div class=\"elementor-element elementor-element-5a2ba91 elementor-widget elementor-widget-text-editor\" data-id=\"5a2ba91\" data-element_type=\"widget\" data-e-type=\"widget\" data-widget_type=\"text-editor.default\">\n\t\t\t\t<div class=\"elementor-widget-container\">\n\t\t\t\t\t\t\t\t\t<p>Encontrar\u00e1 informaci\u00f3n sobre la recogida, el tratamiento y el uso de datos personales en la <strong data-start=\"3621\" data-end=\"3686\"><a class=\"cursor-pointer\" target=\"_new\" rel=\"noopener\" data-start=\"3623\" data-end=\"3684\">pol\u00edtica de privacidad<\/a><\/strong>.<\/p>\t\t\t\t\t\t\t\t<\/div>\n\t\t\t\t<\/div>\n\t\t\t\t\t<\/div>\n\t\t\t\t<\/div>\n\t\t\t\t<\/div>\n\t\t","protected":false},"excerpt":{"rendered":"<p>Pie de imprenta Este sitio web est\u00e1 gestionado por varias empresas del Grupo AN. Sirve para la presentaci\u00f3n, comunicaci\u00f3n y contacto conjuntos, por lo que cada empresa es jur\u00eddicamente independiente y sigue siendo responsable del contenido de su propia \u00e1rea de responsabilidad. Las empresas enumeradas a continuaci\u00f3n son responsables en el sentido del art\u00edculo 5 de la TMG y del art\u00edculo 18 (2) de la MStV: ANG International GmbHRepresentada por: Adrian H. L\u00fcthi, Hubert SuchyRiedthofstrasse 18105 Regensdorf CHE-474.091.345Banco Cantonal de ArgoviaCH96 0076 1648 4472 6200 1 (CHF)CH69 0076 1648 4472 6200 2 (EURO)CH42 0076 1648 4472 6200 3 (USD) ANG Schweiz AGRiedthofstrasse 18105 RegensdorfTel.: +41 44 738 30 00officeCH@an-group.one CHE-371.121.274 AargauischeKantonalbankCH08 0076 1648 4160 4200 1 (CHF)CH78 0076 1648 4160 4200 2 (EURO) ANG GmbHGr\u00fcnbergstra\u00dfe15\/1\/6.OG1120 VienaTel.: +43 1 367 43 16officeAT@an-group.one ATU56616406OberbankAT25 1500 0041 1107 9366OBKLAT2L ANG Deutschland GmbHGeorg-Elser-Stra\u00dfe 535394 Gie\u00dfenTel.: +49 641 972 990officeDE@an-group.one Tribunal de Primera Instancia de Giessen, HRB 12447Frankfurter Volksbank Rhein\/Main eGDE43 5019 0000 6501 5089 40FFVBDEFF ANG Americas S.A. de C.V.Gustavo Baz Prada 47 Int. 3 54080Tlalnepantla de BazEstado de M\u00e8xicoTel.: +52 55 64 27 09 20officeMX@an-group.one Z\u00fcricher KantonalbankCH77 0070 0114 8025 3208 1 (CHF)CH09 0070 0130 0092 5007 7 (EURO) Exclusi\u00f3n de responsabilidad Todos los contenidos de este sitio web se han creado con el m\u00e1ximo cuidado. No obstante, el Grupo AN no asume ninguna responsabilidad por la exactitud, integridad y actualidad de la informaci\u00f3n facilitada. Los contratos s\u00f3lo se celebran mediante acuerdo expreso. Enlaces a sitios web externosLos sitios externos enlazados se controlan en el momento de establecer el enlace. Un control permanente no es razonable sin pruebas concretas. Si tenemos conocimiento de contenidos ilegales, los enlaces correspondientes se eliminar\u00e1n inmediatamente. El sitio web de AN-Group International GmbH contiene referencias cruzadas (enlaces, plug-ins sociales) a YouTube o v\u00eddeos incrustados. Al utilizar las referencias cruzadas, el usuario abandona el sitio web de AN-Group International GmbH y accede al sitio web de un proveedor tercero. Copyright y marcas registradasTodo el contenido de este sitio web (texto, gr\u00e1ficos, dise\u00f1o) est\u00e1 protegido por derechos de autor. La reproducci\u00f3n, edici\u00f3n o utilizaci\u00f3n requieren el consentimiento previo por escrito de la empresa correspondiente. Se permite el uso para informaci\u00f3n privada. Las marcas comerciales est\u00e1n protegidas por el derecho de marcas. Protecci\u00f3n de datos Encontrar\u00e1 informaci\u00f3n sobre la recogida, el tratamiento y el uso de datos personales en la pol\u00edtica de privacidad.<\/p>\n","protected":false},"author":3,"featured_media":0,"parent":0,"menu_order":0,"comment_status":"closed","ping_status":"closed","template":"","meta":{"neve_meta_sidebar":"","neve_meta_container":"","neve_meta_enable_content_width":"","neve_meta_content_width":0,"neve_meta_title_alignment":"","neve_meta_author_avatar":"","neve_post_elements_order":"","neve_meta_disable_header":"","neve_meta_disable_footer":"","neve_meta_disable_title":"","footnotes":""},"class_list":["post-11087","page","type-page","status-publish","hentry"],"_links":{"self":[{"href":"https:\/\/www.an-group.one\/es\/wp-json\/wp\/v2\/pages\/11087","targetHints":{"allow":["GET"]}}],"collection":[{"href":"https:\/\/www.an-group.one\/es\/wp-json\/wp\/v2\/pages"}],"about":[{"href":"https:\/\/www.an-group.one\/es\/wp-json\/wp\/v2\/types\/page"}],"author":[{"embeddable":true,"href":"https:\/\/www.an-group.one\/es\/wp-json\/wp\/v2\/users\/3"}],"replies":[{"embeddable":true,"href":"https:\/\/www.an-group.one\/es\/wp-json\/wp\/v2\/comments?post=11087"}],"version-history":[{"count":9,"href":"https:\/\/www.an-group.one\/es\/wp-json\/wp\/v2\/pages\/11087\/revisions"}],"predecessor-version":[{"id":20584,"href":"https:\/\/www.an-group.one\/es\/wp-json\/wp\/v2\/pages\/11087\/revisions\/20584"}],"wp:attachment":[{"href":"https:\/\/www.an-group.one\/es\/wp-json\/wp\/v2\/media?parent=11087"}],"curies":[{"name":"wp","href":"https:\/\/api.w.org\/{rel}","templated":true}]}}