{"id":14295,"date":"2025-07-11T15:33:15","date_gmt":"2025-07-11T15:33:15","guid":{"rendered":"https:\/\/www.an-group.one\/impressum-2\/"},"modified":"2026-03-10T13:24:49","modified_gmt":"2026-03-10T13:24:49","slug":"impressum-2","status":"publish","type":"page","link":"https:\/\/www.an-group.one\/ch\/impressum-2\/","title":{"rendered":"Impressum"},"content":{"rendered":"\t\t<div data-elementor-type=\"wp-page\" data-elementor-id=\"14295\" class=\"elementor elementor-14295 elementor-3914\">\n\t\t\t\t<div class=\"elementor-element elementor-element-5c964277 e-flex e-con-boxed wpr-particle-no wpr-jarallax-no wpr-parallax-no wpr-sticky-section-no e-con e-parent\" data-id=\"5c964277\" data-element_type=\"container\" data-e-type=\"container\" data-settings=\"{&quot;background_background&quot;:&quot;classic&quot;}\">\n\t\t\t\t\t<div class=\"e-con-inner\">\n\t\t<div class=\"elementor-element elementor-element-1c434264 e-con-full e-flex wpr-particle-no wpr-jarallax-no wpr-parallax-no wpr-sticky-section-no e-con e-child\" data-id=\"1c434264\" data-element_type=\"container\" data-e-type=\"container\">\n\t\t\t\t<\/div>\n\t\t\t\t\t<\/div>\n\t\t\t\t<\/div>\n\t\t<div class=\"elementor-element elementor-element-930aad0 e-flex e-con-boxed wpr-particle-no wpr-jarallax-no wpr-parallax-no wpr-sticky-section-no e-con e-parent\" data-id=\"930aad0\" data-element_type=\"container\" data-e-type=\"container\">\n\t\t\t\t\t<div class=\"e-con-inner\">\n\t\t\t\t<div class=\"elementor-element elementor-element-cc11709 elementor-widget elementor-widget-heading\" data-id=\"cc11709\" data-element_type=\"widget\" data-e-type=\"widget\" data-widget_type=\"heading.default\">\n\t\t\t\t<div class=\"elementor-widget-container\">\n\t\t\t\t\t<h2 class=\"elementor-heading-title elementor-size-default\">Impressum<\/h2>\t\t\t\t<\/div>\n\t\t\t\t<\/div>\n\t\t\t\t\t<\/div>\n\t\t\t\t<\/div>\n\t\t<div class=\"elementor-element elementor-element-01d0afb e-flex e-con-boxed wpr-particle-no wpr-jarallax-no wpr-parallax-no wpr-sticky-section-no e-con e-parent\" data-id=\"01d0afb\" data-element_type=\"container\" data-e-type=\"container\">\n\t\t\t\t\t<div class=\"e-con-inner\">\n\t\t\t\t<div class=\"elementor-element elementor-element-416a16f elementor-widget elementor-widget-text-editor\" data-id=\"416a16f\" data-element_type=\"widget\" data-e-type=\"widget\" data-widget_type=\"text-editor.default\">\n\t\t\t\t<div class=\"elementor-widget-container\">\n\t\t\t\t\t\t\t\t\t<p>Diese Website wird von verschiedenen Unternehmen der AN\u2011Group betrieben. Sie dient der gemeinsamen Darstellung, Kommunikation und Kontaktaufnahme, wobei <strong data-start=\"533\" data-end=\"577\">jede Gesellschaft rechtlich eigenst\u00e4ndig<\/strong> ist und <strong data-start=\"586\" data-end=\"665\">inhaltlich f\u00fcr ihren jeweiligen Verantwortungsbereich selbst verantwortlich<\/strong> bleibt. Die nachfolgend aufgef\u00fchrten Gesellschaften sind verantwortlich im Sinne des \u00a7 5 TMG und \u00a7 18 Abs. 2 MStV:   <\/p>\t\t\t\t\t\t\t\t<\/div>\n\t\t\t\t<\/div>\n\t\t\t\t\t<\/div>\n\t\t\t\t<\/div>\n\t\t<div class=\"elementor-element elementor-element-9ee6257 e-flex e-con-boxed wpr-particle-no wpr-jarallax-no wpr-parallax-no wpr-sticky-section-no e-con e-parent\" data-id=\"9ee6257\" data-element_type=\"container\" data-e-type=\"container\">\n\t\t\t\t\t<div class=\"e-con-inner\">\n\t\t<div class=\"elementor-element elementor-element-1202744 e-con-full e-flex wpr-particle-no wpr-jarallax-no wpr-parallax-no wpr-sticky-section-no e-con e-child\" data-id=\"1202744\" data-element_type=\"container\" data-e-type=\"container\">\n\t\t\t\t<div class=\"elementor-element elementor-element-23b7197 elementor-widget elementor-widget-text-editor\" data-id=\"23b7197\" data-element_type=\"widget\" data-e-type=\"widget\" data-widget_type=\"text-editor.default\">\n\t\t\t\t<div class=\"elementor-widget-container\">\n\t\t\t\t\t\t\t\t\t<div class=\"col-md-6\"><div class=\"p-3\"><div class=\"col-md-6\"><div class=\"p-3\"><div class=\"col-md-6\"><div class=\"p-3\"><p><strong>ANG International GmbH<br><\/strong>Vertreten durch: Adrian H. L\u00fcthi, Hubert Suchy<br>Riedthofstrasse 1<br>8105 Regensdorf<\/p><p>CHE-474.091.345<br><strong><span data-teams=\"true\">Aargauische Kantonalbank<\/span><br><\/strong>CH96 0076 1648 4472 6200 1 (CHF)<br>CH69 0076 1648 4472 6200 2 (EURO)<br>CH42 0076 1648 4472 6200 3 (USD)<\/p><\/div><\/div><\/div><\/div><\/div><\/div>\t\t\t\t\t\t\t\t<\/div>\n\t\t\t\t<\/div>\n\t\t\t\t<\/div>\n\t\t<div class=\"elementor-element elementor-element-63adcc3 e-con-full e-flex wpr-particle-no wpr-jarallax-no wpr-parallax-no wpr-sticky-section-no e-con e-child\" data-id=\"63adcc3\" data-element_type=\"container\" data-e-type=\"container\">\n\t\t\t\t<div class=\"elementor-element elementor-element-f69c22f elementor-widget elementor-widget-text-editor\" data-id=\"f69c22f\" data-element_type=\"widget\" data-e-type=\"widget\" data-widget_type=\"text-editor.default\">\n\t\t\t\t<div class=\"elementor-widget-container\">\n\t\t\t\t\t\t\t\t\t<div class=\"col-md-6\"><div class=\"p-3\"><div class=\"col-md-6\"><div class=\"p-3\"><p><strong>ANG Schweiz AG<br><\/strong>Riedthofstrasse 1<br>8105 Regensdorf<br>Tel.: +41 44 738 30 00<br><a href=\"mailto:officeCH@an-group.one\">officeCH@an-group.one<\/a><br><br>CHE-371.121.274<br><strong>Aargauische Kantonalbank<\/strong><br>CH08 0076 1648 4160 4200 1 (CHF)<br>CH78 0076 1648 4160 4200 2 (EURO)<\/p><\/div><\/div><\/div><\/div>\t\t\t\t\t\t\t\t<\/div>\n\t\t\t\t<\/div>\n\t\t\t\t<\/div>\n\t\t<div class=\"elementor-element elementor-element-352f69e e-con-full e-flex wpr-particle-no wpr-jarallax-no wpr-parallax-no wpr-sticky-section-no e-con e-child\" data-id=\"352f69e\" data-element_type=\"container\" data-e-type=\"container\">\n\t\t\t\t<div class=\"elementor-element elementor-element-6561d57 elementor-widget elementor-widget-text-editor\" data-id=\"6561d57\" data-element_type=\"widget\" data-e-type=\"widget\" data-widget_type=\"text-editor.default\">\n\t\t\t\t<div class=\"elementor-widget-container\">\n\t\t\t\t\t\t\t\t\t<div class=\"col-md-6\"><div class=\"p-3\"><p><strong>ANG GmbH<br><\/strong>Gr\u00fcnbergstrasse15\/1\/6.OG<br>1120 Wien<br>Tel.: +43 1 367 43 16<br><a href=\"mailto:officeAT@an-group.one\">officeAT@an-group.one<\/a><\/p><p>ATU56616406<br><strong>Oberbank<\/strong><br>AT25 1500 0041 1107 9366<br>OBKLAT2L<\/p><\/div><\/div>\t\t\t\t\t\t\t\t<\/div>\n\t\t\t\t<\/div>\n\t\t\t\t<\/div>\n\t\t\t\t\t<\/div>\n\t\t\t\t<\/div>\n\t\t<div class=\"elementor-element elementor-element-88720b6 e-flex e-con-boxed wpr-particle-no wpr-jarallax-no wpr-parallax-no wpr-sticky-section-no e-con e-parent\" data-id=\"88720b6\" data-element_type=\"container\" data-e-type=\"container\">\n\t\t\t\t\t<div class=\"e-con-inner\">\n\t\t<div class=\"elementor-element elementor-element-94e3789 e-con-full e-flex wpr-particle-no wpr-jarallax-no wpr-parallax-no wpr-sticky-section-no e-con e-child\" data-id=\"94e3789\" data-element_type=\"container\" data-e-type=\"container\">\n\t\t\t\t<div class=\"elementor-element elementor-element-74200f9 elementor-widget elementor-widget-text-editor\" data-id=\"74200f9\" data-element_type=\"widget\" data-e-type=\"widget\" data-widget_type=\"text-editor.default\">\n\t\t\t\t<div class=\"elementor-widget-container\">\n\t\t\t\t\t\t\t\t\t<div class=\"col-md-6\"><div class=\"p-3\"><div class=\"col-md-6\"><div class=\"p-3\"><p><strong>ANG Deutschland GmbH<br \/><\/strong>Georg-Elser-Stra\u00dfe 5<br \/>35394 Gie\u00dfen<br \/>Tel.: <span data-olk-copy-source=\"MessageBody\">+49 641 972 990<\/span><br \/><a href=\"mailto:officeDE@an-group.one\">officeDE@an-group.one<\/a><\/p><p><span data-teams=\"true\">Amtsgericht Gie\u00dfen, HRB\u202f12447<\/span><br \/><strong>Frankfurter Volksbank Rhein\/Main eG<\/strong><br \/>DE43 5019 0000 6501 5089 40<br \/>FFVBDEFF\u00a0<\/p><\/div><\/div><\/div><\/div>\t\t\t\t\t\t\t\t<\/div>\n\t\t\t\t<\/div>\n\t\t\t\t<\/div>\n\t\t<div class=\"elementor-element elementor-element-5a8c6c6 e-con-full e-flex wpr-particle-no wpr-jarallax-no wpr-parallax-no wpr-sticky-section-no e-con e-child\" data-id=\"5a8c6c6\" data-element_type=\"container\" data-e-type=\"container\">\n\t\t\t\t<div class=\"elementor-element elementor-element-b9dd1ee elementor-widget elementor-widget-text-editor\" data-id=\"b9dd1ee\" data-element_type=\"widget\" data-e-type=\"widget\" data-widget_type=\"text-editor.default\">\n\t\t\t\t<div class=\"elementor-widget-container\">\n\t\t\t\t\t\t\t\t\t<div class=\"col-md-6\"><div class=\"p-3\"><div class=\"col-md-6\"><div class=\"p-3\"><p><strong>ANG Americas S.A. de C.V.<br><\/strong>Gustavo Baz Prada 47 Int. 3<br><span class=\"fontColorThemeDark\">54080 Tlalnepantla de Baz<br><\/span>Estado de M\u00e8xico<br>Tel.: +52 55 64 27 09 20<br><a href=\"mailto:officeMX@an-group.one\">officeMX@an-group.one<\/a><\/p><p><strong>Z\u00fcricher Kantonalbank<\/strong><br>CH77 0070 0114 8025 3208 1 (CHF)<br>CH09 0070 0130 0092 5007 7 (EURO)<\/p><\/div><\/div><\/div><\/div>\t\t\t\t\t\t\t\t<\/div>\n\t\t\t\t<\/div>\n\t\t\t\t<\/div>\n\t\t<div class=\"elementor-element elementor-element-08fd18d e-con-full e-flex wpr-particle-no wpr-jarallax-no wpr-parallax-no wpr-sticky-section-no e-con e-child\" data-id=\"08fd18d\" data-element_type=\"container\" data-e-type=\"container\">\n\t\t\t\t<\/div>\n\t\t\t\t\t<\/div>\n\t\t\t\t<\/div>\n\t\t<div class=\"elementor-element elementor-element-c5f52c8 e-flex e-con-boxed wpr-particle-no wpr-jarallax-no wpr-parallax-no wpr-sticky-section-no e-con e-parent\" data-id=\"c5f52c8\" data-element_type=\"container\" data-e-type=\"container\" data-settings=\"{&quot;background_background&quot;:&quot;classic&quot;}\">\n\t\t\t\t\t<div class=\"e-con-inner\">\n\t\t\t\t\t<\/div>\n\t\t\t\t<\/div>\n\t\t<div class=\"elementor-element elementor-element-74faa9d e-flex e-con-boxed wpr-particle-no wpr-jarallax-no wpr-parallax-no wpr-sticky-section-no e-con e-parent\" data-id=\"74faa9d\" data-element_type=\"container\" data-e-type=\"container\">\n\t\t\t\t\t<div class=\"e-con-inner\">\n\t\t\t\t<div class=\"elementor-element elementor-element-6d9a604 elementor-widget elementor-widget-heading\" data-id=\"6d9a604\" data-element_type=\"widget\" data-e-type=\"widget\" data-widget_type=\"heading.default\">\n\t\t\t\t<div class=\"elementor-widget-container\">\n\t\t\t\t\t<h2 class=\"elementor-heading-title elementor-size-default\">Haftungsausschluss (Disclaimer)<\/h2>\t\t\t\t<\/div>\n\t\t\t\t<\/div>\n\t\t\t\t\t<\/div>\n\t\t\t\t<\/div>\n\t\t<div class=\"elementor-element elementor-element-1c73293 e-flex e-con-boxed wpr-particle-no wpr-jarallax-no wpr-parallax-no wpr-sticky-section-no e-con e-parent\" data-id=\"1c73293\" data-element_type=\"container\" data-e-type=\"container\">\n\t\t\t\t\t<div class=\"e-con-inner\">\n\t\t\t\t<div class=\"elementor-element elementor-element-a5797e2 elementor-widget elementor-widget-text-editor\" data-id=\"a5797e2\" data-element_type=\"widget\" data-e-type=\"widget\" data-widget_type=\"text-editor.default\">\n\t\t\t\t<div class=\"elementor-widget-container\">\n\t\t\t\t\t\t\t\t\t<p>Alle Inhalte dieser Website werden mit gr\u00f6sster Sorgfalt erstellt. Die AN\u2011Group \u00fcbernimmt jedoch keine Gew\u00e4hr f\u00fcr die Richtigkeit, Vollst\u00e4ndigkeit und Aktualit\u00e4t der bereitgestellten Informationen. Vertr\u00e4ge kommen erst durch ausdr\u00fcckliche Vereinbarung zustande.  <\/p><p data-start=\"2609\" data-end=\"2642\"><strong>Links zu externen Webseiten<br><\/strong>Verlinkte externe Seiten werden zum Zeitpunkt der Verlinkung gepr\u00fcft. Eine dauerhafte Kontrolle ist ohne konkrete Anhaltspunkte nicht zumutbar. Bei Kenntnis rechtswidriger Inhalte werden entsprechende Links umgehend entfernt. Auf der Website der <strong>AN-Group International GmbH<\/strong> sind Querverweise (Links, Social-Plugins) zu YouTube enthalten bzw. Videos eingebunden. Durch Nutzung der Querverweise verl\u00e4sst der User die Website von <strong>AN-Group International GmbH<\/strong> und gelangt auf das Webangebot eines Drittanbieters.    <\/p><p data-start=\"2609\" data-end=\"2642\"><strong>Urheberrecht &amp; Marken<br><\/strong>S\u00e4mtliche Inhalte dieser Website (Texte, Grafiken, Layout) sind urheberrechtlich gesch\u00fctzt. Vervielf\u00e4ltigung, Bearbeitung oder Nutzung bed\u00fcrfen der vorherigen schriftlichen Zustimmung durch die jeweilige Gesellschaft. Nutzung zur privaten Information ist gestattet. Marken sind markenrechtlich gesch\u00fctzt.   <\/p>\t\t\t\t\t\t\t\t<\/div>\n\t\t\t\t<\/div>\n\t\t\t\t\t<\/div>\n\t\t\t\t<\/div>\n\t\t<div class=\"elementor-element elementor-element-92e9403 e-flex e-con-boxed wpr-particle-no wpr-jarallax-no wpr-parallax-no wpr-sticky-section-no e-con e-parent\" data-id=\"92e9403\" data-element_type=\"container\" data-e-type=\"container\" data-settings=\"{&quot;background_background&quot;:&quot;classic&quot;}\">\n\t\t\t\t\t<div class=\"e-con-inner\">\n\t\t\t\t\t<\/div>\n\t\t\t\t<\/div>\n\t\t<div class=\"elementor-element elementor-element-1fc4409 e-flex e-con-boxed wpr-particle-no wpr-jarallax-no wpr-parallax-no wpr-sticky-section-no e-con e-parent\" data-id=\"1fc4409\" data-element_type=\"container\" data-e-type=\"container\">\n\t\t\t\t\t<div class=\"e-con-inner\">\n\t\t\t\t<div class=\"elementor-element elementor-element-3de4048 elementor-widget elementor-widget-heading\" data-id=\"3de4048\" data-element_type=\"widget\" data-e-type=\"widget\" data-widget_type=\"heading.default\">\n\t\t\t\t<div class=\"elementor-widget-container\">\n\t\t\t\t\t<h2 class=\"elementor-heading-title elementor-size-default\">Datenschutz<\/h2>\t\t\t\t<\/div>\n\t\t\t\t<\/div>\n\t\t\t\t\t<\/div>\n\t\t\t\t<\/div>\n\t\t<div class=\"elementor-element elementor-element-7056f73 e-flex e-con-boxed wpr-particle-no wpr-jarallax-no wpr-parallax-no wpr-sticky-section-no e-con e-parent\" data-id=\"7056f73\" data-element_type=\"container\" data-e-type=\"container\">\n\t\t\t\t\t<div class=\"e-con-inner\">\n\t\t\t\t<div class=\"elementor-element elementor-element-5a2ba91 elementor-widget elementor-widget-text-editor\" data-id=\"5a2ba91\" data-element_type=\"widget\" data-e-type=\"widget\" data-widget_type=\"text-editor.default\">\n\t\t\t\t<div class=\"elementor-widget-container\">\n\t\t\t\t\t\t\t\t\t<p>Informationen zur Erhebung, Verarbeitung und Nutzung personenbezogener Daten findest du in der <strong data-start=\"3621\" data-end=\"3686\"><a class=\"cursor-pointer\" target=\"_new\" rel=\"noopener\" data-start=\"3623\" data-end=\"3684\">Datenschutzerkl\u00e4rung<\/a><\/strong>.<\/p>\t\t\t\t\t\t\t\t<\/div>\n\t\t\t\t<\/div>\n\t\t\t\t\t<\/div>\n\t\t\t\t<\/div>\n\t\t\t\t<\/div>\n\t\t","protected":false},"excerpt":{"rendered":"<p>Impressum Diese Website wird von verschiedenen Unternehmen der AN\u2011Group betrieben. Sie dient der gemeinsamen Darstellung, Kommunikation und Kontaktaufnahme, wobei jede Gesellschaft rechtlich eigenst\u00e4ndig ist und inhaltlich f\u00fcr ihren jeweiligen Verantwortungsbereich selbst verantwortlich bleibt. Die nachfolgend aufgef\u00fchrten Gesellschaften sind verantwortlich im Sinne des \u00a7 5 TMG und \u00a7 18 Abs. 2 MStV: ANG International GmbHVertreten durch: Adrian H. L\u00fcthi, Hubert SuchyRiedthofstrasse 18105 Regensdorf CHE-474.091.345Aargauische KantonalbankCH96 0076 1648 4472 6200 1 (CHF)CH69 0076 1648 4472 6200 2 (EURO)CH42 0076 1648 4472 6200 3 (USD) ANG Schweiz AGRiedthofstrasse 18105 RegensdorfTel.: +41 44 738 30 00officeCH@an-group.one CHE-371.121.274Aargauische KantonalbankCH08 0076 1648 4160 4200 1 (CHF)CH78 0076 1648 4160 4200 2 (EURO) ANG GmbHGr\u00fcnbergstrasse15\/1\/6.OG1120 WienTel.: +43 1 367 43 16officeAT@an-group.one ATU56616406OberbankAT25 1500 0041 1107 9366OBKLAT2L ANG Deutschland GmbHGeorg-Elser-Stra\u00dfe 535394 Gie\u00dfenTel.: +49 641 972 990officeDE@an-group.one Amtsgericht Gie\u00dfen, HRB\u202f12447Frankfurter Volksbank Rhein\/Main eGDE43 5019 0000 6501 5089 40FFVBDEFF\u00a0 ANG Americas S.A. de C.V.Gustavo Baz Prada 47 Int. 354080 Tlalnepantla de BazEstado de M\u00e8xicoTel.: +52 55 64 27 09 20officeMX@an-group.one Z\u00fcricher KantonalbankCH77 0070 0114 8025 3208 1 (CHF)CH09 0070 0130 0092 5007 7 (EURO) Haftungsausschluss (Disclaimer) Alle Inhalte dieser Website werden mit gr\u00f6sster Sorgfalt erstellt. Die AN\u2011Group \u00fcbernimmt jedoch keine Gew\u00e4hr f\u00fcr die Richtigkeit, Vollst\u00e4ndigkeit und Aktualit\u00e4t der bereitgestellten Informationen. Vertr\u00e4ge kommen erst durch ausdr\u00fcckliche Vereinbarung zustande. Links zu externen WebseitenVerlinkte externe Seiten werden zum Zeitpunkt der Verlinkung gepr\u00fcft. Eine dauerhafte Kontrolle ist ohne konkrete Anhaltspunkte nicht zumutbar. Bei Kenntnis rechtswidriger Inhalte werden entsprechende Links umgehend entfernt. Auf der Website der AN-Group International GmbH sind Querverweise (Links, Social-Plugins) zu YouTube enthalten bzw. Videos eingebunden. Durch Nutzung der Querverweise verl\u00e4sst der User die Website von AN-Group International GmbH und gelangt auf das Webangebot eines Drittanbieters. Urheberrecht &amp; MarkenS\u00e4mtliche Inhalte dieser Website (Texte, Grafiken, Layout) sind urheberrechtlich gesch\u00fctzt. Vervielf\u00e4ltigung, Bearbeitung oder Nutzung bed\u00fcrfen der vorherigen schriftlichen Zustimmung durch die jeweilige Gesellschaft. Nutzung zur privaten Information ist gestattet. Marken sind markenrechtlich gesch\u00fctzt. Datenschutz Informationen zur Erhebung, Verarbeitung und Nutzung personenbezogener Daten findest du in der Datenschutzerkl\u00e4rung.<\/p>\n","protected":false},"author":3,"featured_media":0,"parent":0,"menu_order":0,"comment_status":"closed","ping_status":"closed","template":"","meta":{"neve_meta_sidebar":"","neve_meta_container":"","neve_meta_enable_content_width":"","neve_meta_content_width":0,"neve_meta_title_alignment":"","neve_meta_author_avatar":"","neve_post_elements_order":"","neve_meta_disable_header":"","neve_meta_disable_footer":"","neve_meta_disable_title":"","footnotes":""},"class_list":["post-14295","page","type-page","status-publish","hentry"],"_links":{"self":[{"href":"https:\/\/www.an-group.one\/ch\/wp-json\/wp\/v2\/pages\/14295","targetHints":{"allow":["GET"]}}],"collection":[{"href":"https:\/\/www.an-group.one\/ch\/wp-json\/wp\/v2\/pages"}],"about":[{"href":"https:\/\/www.an-group.one\/ch\/wp-json\/wp\/v2\/types\/page"}],"author":[{"embeddable":true,"href":"https:\/\/www.an-group.one\/ch\/wp-json\/wp\/v2\/users\/3"}],"replies":[{"embeddable":true,"href":"https:\/\/www.an-group.one\/ch\/wp-json\/wp\/v2\/comments?post=14295"}],"version-history":[{"count":3,"href":"https:\/\/www.an-group.one\/ch\/wp-json\/wp\/v2\/pages\/14295\/revisions"}],"predecessor-version":[{"id":19022,"href":"https:\/\/www.an-group.one\/ch\/wp-json\/wp\/v2\/pages\/14295\/revisions\/19022"}],"wp:attachment":[{"href":"https:\/\/www.an-group.one\/ch\/wp-json\/wp\/v2\/media?parent=14295"}],"curies":[{"name":"wp","href":"https:\/\/api.w.org\/{rel}","templated":true}]}}