{"id":14212,"date":"2025-06-26T11:53:31","date_gmt":"2025-06-26T11:53:31","guid":{"rendered":"https:\/\/www.an-group.one\/demo-anfordern\/"},"modified":"2025-11-06T14:43:02","modified_gmt":"2025-11-06T14:43:02","slug":"demo-anfordern","status":"publish","type":"page","link":"https:\/\/www.an-group.one\/ch\/demo-anfordern\/","title":{"rendered":"Demo anfordern"},"content":{"rendered":"\t\t<div data-elementor-type=\"wp-page\" data-elementor-id=\"14212\" class=\"elementor elementor-14212 elementor-2915\">\n\t\t\t\t\t\t<section class=\"elementor-section elementor-top-section elementor-element elementor-element-5a1036d elementor-section-boxed elementor-section-height-default elementor-section-height-default wpr-particle-no wpr-jarallax-no wpr-parallax-no wpr-sticky-section-no\" data-id=\"5a1036d\" data-element_type=\"section\" data-e-type=\"section\" data-settings=\"{&quot;background_background&quot;:&quot;classic&quot;}\">\n\t\t\t\t\t\t\t<div class=\"elementor-background-overlay\"><\/div>\n\t\t\t\t\t\t\t<div class=\"elementor-container elementor-column-gap-default\">\n\t\t\t\t\t<div class=\"elementor-column elementor-col-100 elementor-top-column elementor-element elementor-element-197f6fd\" data-id=\"197f6fd\" data-element_type=\"column\" data-e-type=\"column\">\n\t\t\t<div class=\"elementor-widget-wrap elementor-element-populated\">\n\t\t\t\t\t\t<div class=\"elementor-element elementor-element-0446f08 elementor-widget elementor-widget-heading\" data-id=\"0446f08\" data-element_type=\"widget\" data-e-type=\"widget\" data-widget_type=\"heading.default\">\n\t\t\t\t<div class=\"elementor-widget-container\">\n\t\t\t\t\t<h2 class=\"elementor-heading-title elementor-size-default\">Kostenlos und unverbindlich<\/h2>\t\t\t\t<\/div>\n\t\t\t\t<\/div>\n\t\t\t\t<div class=\"elementor-element elementor-element-ad6ab56 elementor-widget elementor-widget-heading\" data-id=\"ad6ab56\" data-element_type=\"widget\" data-e-type=\"widget\" data-widget_type=\"heading.default\">\n\t\t\t\t<div class=\"elementor-widget-container\">\n\t\t\t\t\t<h2 class=\"elementor-heading-title elementor-size-default\">SAP live erleben \u2013 massgeschneidert f\u00fcr Ihr Unternehmen<\/h2>\t\t\t\t<\/div>\n\t\t\t\t<\/div>\n\t\t\t\t\t<\/div>\n\t\t<\/div>\n\t\t\t\t\t<\/div>\n\t\t<\/section>\n\t\t<div class=\"elementor-element elementor-element-90dc600 e-flex e-con-boxed wpr-particle-no wpr-jarallax-no wpr-parallax-no wpr-sticky-section-no e-con e-parent\" data-id=\"90dc600\" data-element_type=\"container\" data-e-type=\"container\">\n\t\t\t\t\t<div class=\"e-con-inner\">\n\t\t\t\t<div class=\"elementor-element elementor-element-a5ea6c3 elementor-widget elementor-widget-spacer\" data-id=\"a5ea6c3\" data-element_type=\"widget\" data-e-type=\"widget\" data-widget_type=\"spacer.default\">\n\t\t\t\t<div class=\"elementor-widget-container\">\n\t\t\t\t\t\t\t<div class=\"elementor-spacer\">\n\t\t\t<div class=\"elementor-spacer-inner\"><\/div>\n\t\t<\/div>\n\t\t\t\t\t\t<\/div>\n\t\t\t\t<\/div>\n\t\t\t\t<div class=\"elementor-element elementor-element-4f2332c elementor-widget elementor-widget-heading\" data-id=\"4f2332c\" data-element_type=\"widget\" data-e-type=\"widget\" data-settings=\"{&quot;_animation&quot;:&quot;none&quot;}\" data-widget_type=\"heading.default\">\n\t\t\t\t<div class=\"elementor-widget-container\">\n\t\t\t\t\t<h2 class=\"elementor-heading-title elementor-size-default\">Jetzt SAP Business One erleben<\/h2>\t\t\t\t<\/div>\n\t\t\t\t<\/div>\n\t\t\t\t<div class=\"elementor-element elementor-element-faad176 elementor-widget elementor-widget-text-editor\" data-id=\"faad176\" data-element_type=\"widget\" data-e-type=\"widget\" data-widget_type=\"text-editor.default\">\n\t\t\t\t<div class=\"elementor-widget-container\">\n\t\t\t\t\t\t\t\t\t<p data-start=\"256\" data-end=\"480\">Sie m\u00f6chten wissen, wie SAP Business One konkret in Ihrem Unternehmen eingesetzt werden kann? In unserer Live-Demo zeigen wir Ihnen die L\u00f6sung in Aktion \u2013 verst\u00e4ndlich, kompakt und direkt auf Ihre Anforderungen ausgerichtet. Nutzen Sie die Gelegenheit, Ihre Fragen direkt zu stellen und zu sehen, wie SAP Business One in der Praxis funktioniert \u2013 ganz ohne Verpflichtung, aber mit echten Einblicken.  <\/p>\t\t\t\t\t\t\t\t<\/div>\n\t\t\t\t<\/div>\n\t\t<div class=\"elementor-element elementor-element-e080bba e-con-full e-flex wpr-particle-no wpr-jarallax-no wpr-parallax-no wpr-sticky-section-no e-con e-child\" data-id=\"e080bba\" data-element_type=\"container\" data-e-type=\"container\">\n\t\t<div class=\"elementor-element elementor-element-4aa7569 e-con-full e-flex wpr-particle-no wpr-jarallax-no wpr-parallax-no wpr-sticky-section-no e-con e-child\" data-id=\"4aa7569\" data-element_type=\"container\" data-e-type=\"container\">\n\t\t\t\t<div class=\"elementor-element elementor-element-cfaafa8 elementor-widget elementor-widget-heading\" data-id=\"cfaafa8\" data-element_type=\"widget\" data-e-type=\"widget\" data-widget_type=\"heading.default\">\n\t\t\t\t<div class=\"elementor-widget-container\">\n\t\t\t\t\t<h2 class=\"elementor-heading-title elementor-size-default\">Melden Sie sich jetzt zur n\u00e4chsten Live-Demo an \u2013 kostenlos und unverbindlich.<\/h2>\t\t\t\t<\/div>\n\t\t\t\t<\/div>\n\t\t\t\t<div class=\"elementor-element elementor-element-e1452b4 wpr-step-type-number_text wpr-step-content-layout-vertical wpr-custom-styles-yes elementor-widget elementor-widget-wpr-form-builder\" data-id=\"e1452b4\" data-element_type=\"widget\" data-e-type=\"widget\" data-settings=\"{&quot;button_width&quot;:{&quot;unit&quot;:&quot;%&quot;,&quot;size&quot;:26,&quot;sizes&quot;:[]},&quot;success_message&quot;:&quot;E-Mail erfolgreich gesendet&quot;,&quot;error_message&quot;:&quot;Es ist ein Fehler aufgetreten&quot;,&quot;button_width_tablet&quot;:{&quot;unit&quot;:&quot;px&quot;,&quot;size&quot;:&quot;&quot;,&quot;sizes&quot;:[]},&quot;button_width_mobile&quot;:{&quot;unit&quot;:&quot;px&quot;,&quot;size&quot;:&quot;&quot;,&quot;sizes&quot;:[]},&quot;step_type&quot;:&quot;number_text&quot;,&quot;step_content_layout&quot;:&quot;vertical&quot;}\" data-widget_type=\"wpr-form-builder.default\">\n\t\t\t\t<div class=\"elementor-widget-container\">\n\t\t\t\t\t\t\t<form class=\"wpr-form\" method=\"post\" name=\"ANG Webseite\" page=\"Demo anfordern\" page_id=\"14212\" novalidate>\n\t\t\t<input type=\"hidden\" name=\"post_id\" value=\"14212\"\/>\n\t\t\t<input type=\"hidden\" name=\"form_id\" value=\"e1452b4\"\/>\n\t\t\t<input type=\"hidden\" name=\"referer_title\" value=\"\" \/>\n\n\t\t\t<div class=\"wpr-step-wrap\"><\/div>\n\t\t\t<div class=\"wpr-form-fields-wrap wpr-labels-above\">\n\t\t\t\t\t\t\t\t\t<div class=\"wpr-form-field-type-text wpr-field-group wpr-column wpr-field-group-2f9126f elementor-repeater-item-2f9126f wpr-form-field-required wpr-required-mark\">\n\t\t\t\t\t\t\t\t\t\t\t\t\t\t<label for=\"form-field-2f9126f\" class=\"wpr-form-field-label\" data-alt-label=\"Unternehmen\">\n\t\t\t\t\t\t\t\t\tUnternehmen\t\t\t\t\t\t\t\t<\/label>\n\t\t\t\t\t\t\t<input size=\"1 \"type=\"text\" name=\"form_fields[2f9126f]\" id=\"form-field-2f9126f\" class=\"wpr-form-field  wpr-form-field-textual\" required=\"required\" aria-required=\"true\">\t\t\t\t\t<\/div>\n\t\t\t\t\t\t\t\t\t<div class=\"wpr-form-field-type-text wpr-field-group wpr-column wpr-field-group-name elementor-repeater-item-79bd6c2 wpr-form-field-required wpr-required-mark\">\n\t\t\t\t\t\t\t\t\t\t\t\t\t\t<label for=\"form-field-name\" class=\"wpr-form-field-label\" data-alt-label=\"  Name\">\n\t\t\t\t\t\t\t\t\t  Name\t\t\t\t\t\t\t\t<\/label>\n\t\t\t\t\t\t\t<input size=\"1 \"type=\"text\" name=\"form_fields[name]\" id=\"form-field-name\" class=\"wpr-form-field  wpr-form-field-textual\" placeholder=\"Vorname Nachname\" required=\"required\" aria-required=\"true\">\t\t\t\t\t<\/div>\n\t\t\t\t\t\t\t\t\t<div class=\"wpr-form-field-type-email wpr-field-group wpr-column wpr-field-group-email elementor-repeater-item-beefbf7 wpr-form-field-required wpr-required-mark\">\n\t\t\t\t\t\t\t\t\t\t\t\t\t\t<label for=\"form-field-email\" class=\"wpr-form-field-label\" data-alt-label=\"Email\">\n\t\t\t\t\t\t\t\t\tEmail\t\t\t\t\t\t\t\t<\/label>\n\t\t\t\t\t\t\t<input size=\"1 \"type=\"email\" name=\"form_fields[email]\" id=\"form-field-email\" class=\"wpr-form-field  wpr-form-field-textual\" required=\"required\" aria-required=\"true\">\t\t\t\t\t<\/div>\n\t\t\t\t\t\t\t\t\t<div class=\"wpr-form-field-type-tel wpr-field-group wpr-column wpr-field-group-98d9eca elementor-repeater-item-98d9eca\">\n\t\t\t\t\t\t\t\t\t\t\t\t\t\t<label for=\"form-field-98d9eca\" class=\"wpr-form-field-label\" data-alt-label=\"Telefonnummer\">\n\t\t\t\t\t\t\t\t\tTelefonnummer\t\t\t\t\t\t\t\t<\/label>\n\t\t\t\t\t\t\t<input size=\"1 \"type=\"tel\" name=\"form_fields[98d9eca]\" id=\"form-field-98d9eca\" class=\"wpr-form-field  wpr-form-field-textual\">\t\t\t\t\t<\/div>\n\t\t\t\t\t\t\t\t\t<div class=\"wpr-form-field-type-select wpr-field-group wpr-column wpr-field-group-SAP L\u00f6sungen elementor-repeater-item-c66d677 wpr-form-field-required wpr-required-mark\">\n\t\t\t\t\t\t\t\t\t\t\t\t\t\t<label for=\"form-field-SAP L\u00f6sungen\" class=\"wpr-form-field-label\" data-alt-label=\"SAP L\u00f6sungen\">\n\t\t\t\t\t\t\t\t\tSAP L\u00f6sungen\t\t\t\t\t\t\t\t<\/label>\n\t\t\t\t\t\t\t\t\t<div class=\"wpr-form-field wpr-select-wrap wpr-fi-svg-yes remove-before \">\n\n\t\t\t\t\t\t\t<!-- <svg class=\"e-font-icon-svg e-eicon-caret-down\" viewBox=\"0 0 571.4 1000\" xmlns=\"http:\/\/www.w3.org\/2000\/svg\">\n\t\t\t\t\t<path d=\"M571 457q0-14-10-25l-250-250q-11-11-25-11t-25 11l-250 250q-11 11-11 25t11 25 25 11h500q14 0 25-11t10-25z\"\/>\n\t\t\t\t<\/svg> -->\n\t\t\t\t<!-- <svg class=\"e-font-icon-svg e-eicon-caret-up\" viewBox=\"0 0 1000 1000\" xmlns=\"http:\/\/www.w3.org\/2000\/svg\">\n\t\t\t\t\t<path d=\"M763 279c8-8 8-12 8-25 0-8-4-16-8-25-9-8-13-8-25-8h-459c-8 0-16 4-25 8 0 9-4 17-4 25 0 9 4 17 8 25l230 229c8 5 16 9 25 9 8 0 16-4 25-9l225-229z\"\/>\n\t\t\t\t<\/svg> -->\n\t\t\t\t<!-- <svg class=\"e-font-icon-svg e-eicon-caret-up\" viewBox=\"0 0 1000 500\" xmlns=\"http:\/\/www.w3.org\/2000\/svg\">\n\t\t\t\t\t<path d=\"M763 279c8-8 8-12 8-25 0-8-4-16-8-25-9-8-13-8-25-8h-459c-8 0-16 4-25 8 0 9-4 17-4 25 0 9 4 17 8 25l230 229c8 5 16 9 25 9 8 0 16-4 25-9l225-229z\"\/>\n\t\t\t\t<\/svg> -->\n\t\t\t\t<svg class=\"e-font-icon-svg e-eicon-caret-up\" viewBox=\"0 0 1000 500\" xmlns=\"http:\/\/www.w3.org\/2000\/svg\">\n\t\t\t\t\t<path d=\"M763 279c8-8 8-12 8-25 0-8-4-16-8-25-9-8-13-8-25-8h-459c-8 0-16 4-25 8 0 9-4 17-4 25 0 9 4 17 8 25l230 229c8 5 16 9 25 9 8 0 16-4 25-9l225-229z\"\/>\n\t\t\t\t<\/svg>\n\t\t\t\n\t\t\t<select name=\"form_fields[SAP L\u00f6sungen]\" id=\"form-field-SAP L\u00f6sungen\" class=\"wpr-form-field-textual\" required=\"required\" aria-required=\"true\">\n\n\t\t\t\t\t\t\t\t\t<option value=\"Bitte ausw\u00e4hlen\">\n\t\t\t\t\tBitte ausw\u00e4hlen\t\t\t\t\t<\/option>\n\t\t\t\t\t\t\t\t\t<option value=\"SAP Webclient\">\n\t\t\t\t\tSAP Webclient\t\t\t\t\t<\/option>\n\t\t\t\t\t\t\t\t\t<option value=\"SAP Field Service Management\">\n\t\t\t\t\tSAP Field Service Management\t\t\t\t\t<\/option>\n\t\t\t\t\t\t\t\t\t<option value=\"Kassenl\u00f6sungen \/ SAP Customer Checkout\">\n\t\t\t\t\tKassenl\u00f6sungen \/ SAP Customer Checkout\t\t\t\t\t<\/option>\n\t\t\t\t\t\t\t\t\t<option value=\"SAP Footprint Management\">\n\t\t\t\t\tSAP Footprint Management\t\t\t\t\t<\/option>\n\t\t\t\t\t\t\t\t\t<option value=\"SAP f\u00fcr Startups und kleine Unternehmen\">\n\t\t\t\t\tSAP f\u00fcr Startups und kleine Unternehmen\t\t\t\t\t<\/option>\n\t\t\t\t\t\t\t\t\t<option value=\"SAP f\u00fcr internationale Unternehmen und Konzerne\">\n\t\t\t\t\tSAP f\u00fcr internationale Unternehmen und Konzerne\t\t\t\t\t<\/option>\n\t\t\t\t\t\t\t<\/select>\n\t\t<\/div>\n\t\t\t\t\t\t\t<\/div>\n\t\t\t\t\t\t\t\t\t<div class=\"wpr-form-field-type-select wpr-field-group wpr-column wpr-field-group-c07a3b2 elementor-repeater-item-c07a3b2\">\n\t\t\t\t\t\t\t\t\t\t\t\t\t\t<label for=\"form-field-c07a3b2\" class=\"wpr-form-field-label\" data-alt-label=\"Branchen\">\n\t\t\t\t\t\t\t\t\tBranchen\t\t\t\t\t\t\t\t<\/label>\n\t\t\t\t\t\t\t\t\t<div class=\"wpr-form-field wpr-select-wrap wpr-fi-svg-yes remove-before \">\n\n\t\t\t\t\t\t\t<!-- <svg class=\"e-font-icon-svg e-eicon-caret-down\" viewBox=\"0 0 571.4 1000\" xmlns=\"http:\/\/www.w3.org\/2000\/svg\">\n\t\t\t\t\t<path d=\"M571 457q0-14-10-25l-250-250q-11-11-25-11t-25 11l-250 250q-11 11-11 25t11 25 25 11h500q14 0 25-11t10-25z\"\/>\n\t\t\t\t<\/svg> -->\n\t\t\t\t<!-- <svg class=\"e-font-icon-svg e-eicon-caret-up\" viewBox=\"0 0 1000 1000\" xmlns=\"http:\/\/www.w3.org\/2000\/svg\">\n\t\t\t\t\t<path d=\"M763 279c8-8 8-12 8-25 0-8-4-16-8-25-9-8-13-8-25-8h-459c-8 0-16 4-25 8 0 9-4 17-4 25 0 9 4 17 8 25l230 229c8 5 16 9 25 9 8 0 16-4 25-9l225-229z\"\/>\n\t\t\t\t<\/svg> -->\n\t\t\t\t<!-- <svg class=\"e-font-icon-svg e-eicon-caret-up\" viewBox=\"0 0 1000 500\" xmlns=\"http:\/\/www.w3.org\/2000\/svg\">\n\t\t\t\t\t<path d=\"M763 279c8-8 8-12 8-25 0-8-4-16-8-25-9-8-13-8-25-8h-459c-8 0-16 4-25 8 0 9-4 17-4 25 0 9 4 17 8 25l230 229c8 5 16 9 25 9 8 0 16-4 25-9l225-229z\"\/>\n\t\t\t\t<\/svg> -->\n\t\t\t\t<svg class=\"e-font-icon-svg e-eicon-caret-up\" viewBox=\"0 0 1000 500\" xmlns=\"http:\/\/www.w3.org\/2000\/svg\">\n\t\t\t\t\t<path d=\"M763 279c8-8 8-12 8-25 0-8-4-16-8-25-9-8-13-8-25-8h-459c-8 0-16 4-25 8 0 9-4 17-4 25 0 9 4 17 8 25l230 229c8 5 16 9 25 9 8 0 16-4 25-9l225-229z\"\/>\n\t\t\t\t<\/svg>\n\t\t\t\n\t\t\t<select name=\"form_fields[c07a3b2]\" id=\"form-field-c07a3b2\" class=\"wpr-form-field-textual\">\n\n\t\t\t\t\t\t\t\t\t<option value=\"Bitte ausw\u00e4hlen\">\n\t\t\t\t\tBitte ausw\u00e4hlen\t\t\t\t\t<\/option>\n\t\t\t\t\t\t\t\t\t<option value=\"Einzel- &amp; Gro\u00dfhandel\">\n\t\t\t\t\tEinzel- &amp; Gro\u00dfhandel\t\t\t\t\t<\/option>\n\t\t\t\t\t\t\t\t\t<option value=\"High-Tech &amp; Elektronik\">\n\t\t\t\t\tHigh-Tech &amp; Elektronik\t\t\t\t\t<\/option>\n\t\t\t\t\t\t\t\t\t<option value=\"Lebensmittel &amp; Getr\u00e4nke\">\n\t\t\t\t\tLebensmittel &amp; Getr\u00e4nke\t\t\t\t\t<\/option>\n\t\t\t\t\t\t\t\t\t<option value=\"Maschinenbau &amp; Anlagenbau\">\n\t\t\t\t\tMaschinenbau &amp; Anlagenbau\t\t\t\t\t<\/option>\n\t\t\t\t\t\t\t\t\t<option value=\"Pharma &amp; Chemie\">\n\t\t\t\t\tPharma &amp; Chemie\t\t\t\t\t<\/option>\n\t\t\t\t\t\t\t\t\t<option value=\"Produktion\">\n\t\t\t\t\tProduktion\t\t\t\t\t<\/option>\n\t\t\t\t\t\t\t\t\t<option value=\"Service &amp; Dienstleistungen\">\n\t\t\t\t\tService &amp; Dienstleistungen\t\t\t\t\t<\/option>\n\t\t\t\t\t\t\t\t\t<option value=\"\">\n\t\t\t\t\t\t\t\t\t\t<\/option>\n\t\t\t\t\t\t\t<\/select>\n\t\t<\/div>\n\t\t\t\t\t\t\t<\/div>\n\t\t\t\t\t\t\t\t\t<div class=\"wpr-form-field-type-select wpr-field-group wpr-column wpr-field-group-b626ee7 elementor-repeater-item-b626ee7\">\n\t\t\t\t\t\t\t\t\t\t\t\t\t\t<label for=\"form-field-b626ee7\" class=\"wpr-form-field-label\" data-alt-label=\"Erweiterungen\">\n\t\t\t\t\t\t\t\t\tErweiterungen\t\t\t\t\t\t\t\t<\/label>\n\t\t\t\t\t\t\t\t\t<div class=\"wpr-form-field wpr-select-wrap wpr-fi-svg-yes remove-before \">\n\n\t\t\t\t\t\t\t<!-- <svg class=\"e-font-icon-svg e-eicon-caret-down\" viewBox=\"0 0 571.4 1000\" xmlns=\"http:\/\/www.w3.org\/2000\/svg\">\n\t\t\t\t\t<path d=\"M571 457q0-14-10-25l-250-250q-11-11-25-11t-25 11l-250 250q-11 11-11 25t11 25 25 11h500q14 0 25-11t10-25z\"\/>\n\t\t\t\t<\/svg> -->\n\t\t\t\t<!-- <svg class=\"e-font-icon-svg e-eicon-caret-up\" viewBox=\"0 0 1000 1000\" xmlns=\"http:\/\/www.w3.org\/2000\/svg\">\n\t\t\t\t\t<path d=\"M763 279c8-8 8-12 8-25 0-8-4-16-8-25-9-8-13-8-25-8h-459c-8 0-16 4-25 8 0 9-4 17-4 25 0 9 4 17 8 25l230 229c8 5 16 9 25 9 8 0 16-4 25-9l225-229z\"\/>\n\t\t\t\t<\/svg> -->\n\t\t\t\t<!-- <svg class=\"e-font-icon-svg e-eicon-caret-up\" viewBox=\"0 0 1000 500\" xmlns=\"http:\/\/www.w3.org\/2000\/svg\">\n\t\t\t\t\t<path d=\"M763 279c8-8 8-12 8-25 0-8-4-16-8-25-9-8-13-8-25-8h-459c-8 0-16 4-25 8 0 9-4 17-4 25 0 9 4 17 8 25l230 229c8 5 16 9 25 9 8 0 16-4 25-9l225-229z\"\/>\n\t\t\t\t<\/svg> -->\n\t\t\t\t<svg class=\"e-font-icon-svg e-eicon-caret-up\" viewBox=\"0 0 1000 500\" xmlns=\"http:\/\/www.w3.org\/2000\/svg\">\n\t\t\t\t\t<path d=\"M763 279c8-8 8-12 8-25 0-8-4-16-8-25-9-8-13-8-25-8h-459c-8 0-16 4-25 8 0 9-4 17-4 25 0 9 4 17 8 25l230 229c8 5 16 9 25 9 8 0 16-4 25-9l225-229z\"\/>\n\t\t\t\t<\/svg>\n\t\t\t\n\t\t\t<select name=\"form_fields[b626ee7]\" id=\"form-field-b626ee7\" class=\"wpr-form-field-textual\">\n\n\t\t\t\t\t\t\t\t\t<option value=\"Bitte ausw\u00e4hlen\">\n\t\t\t\t\tBitte ausw\u00e4hlen\t\t\t\t\t<\/option>\n\t\t\t\t\t\t\t\t\t<option value=\"Basis Add-On\">\n\t\t\t\t\tBasis Add-On\t\t\t\t\t<\/option>\n\t\t\t\t\t\t\t\t\t<option value=\"Automatisches Rechnungsmanagement (Candis)\">\n\t\t\t\t\tAutomatisches Rechnungsmanagement (Candis)\t\t\t\t\t<\/option>\n\t\t\t\t\t\t\t\t\t<option value=\"Digital Invoice\">\n\t\t\t\t\tDigital Invoice\t\t\t\t\t<\/option>\n\t\t\t\t\t\t\t\t\t<option value=\"Verwaltung und Archivierung von Dokumenten\">\n\t\t\t\t\tVerwaltung und Archivierung von Dokumenten\t\t\t\t\t<\/option>\n\t\t\t\t\t\t\t\t\t<option value=\"Elektronische Zollabwicklung (Z-ATLAS)\">\n\t\t\t\t\tElektronische Zollabwicklung (Z-ATLAS)\t\t\t\t\t<\/option>\n\t\t\t\t\t\t\t\t\t<option value=\"ELO-Integration\">\n\t\t\t\t\tELO-Integration\t\t\t\t\t<\/option>\n\t\t\t\t\t\t\t\t\t<option value=\"Intercompany\">\n\t\t\t\t\tIntercompany\t\t\t\t\t<\/option>\n\t\t\t\t\t\t\t\t\t<option value=\"Mobile Lagerverwaltung (COBI.wms)\">\n\t\t\t\t\tMobile Lagerverwaltung (COBI.wms)\t\t\t\t\t<\/option>\n\t\t\t\t\t\t\t\t\t<option value=\"Verwaltung von Mietvertr\u00e4gen\">\n\t\t\t\t\tVerwaltung von Mietvertr\u00e4gen\t\t\t\t\t<\/option>\n\t\t\t\t\t\t\t\t\t<option value=\"Personalzeiterfassung (COBI.time)\">\n\t\t\t\t\tPersonalzeiterfassung (COBI.time)\t\t\t\t\t<\/option>\n\t\t\t\t\t\t\t\t\t<option value=\"Produktinformanagementsystem (Perfion)\">\n\t\t\t\t\tProduktinformanagementsystem (Perfion)\t\t\t\t\t<\/option>\n\t\t\t\t\t\t\t\t\t<option value=\"Spesen- &amp; Ausgabenmanagement (Yokoy)\">\n\t\t\t\t\tSpesen- &amp; Ausgabenmanagement (Yokoy)\t\t\t\t\t<\/option>\n\t\t\t\t\t\t\t\t\t<option value=\"Lohn- und Gehaltsabrechnung (SwissSalary)\">\n\t\t\t\t\tLohn- und Gehaltsabrechnung (SwissSalary)\t\t\t\t\t<\/option>\n\t\t\t\t\t\t\t\t\t<option value=\"Verbindung zum Online-Shop-System (Webshop Connector)\">\n\t\t\t\t\tVerbindung zum Online-Shop-System (Webshop Connector)\t\t\t\t\t<\/option>\n\t\t\t\t\t\t\t<\/select>\n\t\t<\/div>\n\t\t\t\t\t\t\t<\/div>\n\t\t\t\t\t\t\t\t\t<div class=\"wpr-form-field-type-checkbox wpr-field-group wpr-column wpr-field-group-accfec7 elementor-repeater-item-accfec7 wpr-form-field-required wpr-required-mark\">\n\t\t\t\t\t\t\t\t\t\t\t\t\t\t<label for=\"form-field-accfec7\" class=\"wpr-form-field-label\" data-alt-label=\"DSGVO\">\n\t\t\t\t\t\t\t\t\tDSGVO\t\t\t\t\t\t\t\t<\/label>\n\t\t\t\t\t\t\t<div class=\"wpr-field-sub-group  \"><span class=\"wpr-form-field-option\" data-key=\"form-field-accfec7\"><input type=\"checkbox\" value=\"Mit dem Absenden dieses Formulars erkl\u00e4ren Sie sich mit der Verarbeitung Ihrer Daten gem\u00e4\u00df unserer Datenschutzerkl\u00e4rung einverstanden.\" id=\"form-field-accfec7-0\" name=\"form_fields[accfec7]\" required=\"required\" aria-required=\"true\"> <label for=\"form-field-accfec7-0\">Mit dem Absenden dieses Formulars erkl\u00e4ren Sie sich mit der Verarbeitung Ihrer Daten gem\u00e4\u00df unserer Datenschutzerkl\u00e4rung einverstanden.<\/label><\/span><\/div>\t\t\t\t\t<\/div>\n\t\t\t\t<div class=\"wpr-field-group wpr-stp-btns-wrap wpr-column wpr-form-field-type-submit\" data-actions=\"[&quot;email&quot;,&quot;submissions&quot;]\" data-redirect-url=\"\" data-mailchimp-fields=\"{&quot;email_field&quot;:&quot;&quot;,&quot;first_name_field&quot;:&quot;&quot;,&quot;last_name_field&quot;:&quot;&quot;,&quot;address_field&quot;:&quot;&quot;,&quot;phone_field&quot;:&quot;&quot;,&quot;birthday_field&quot;:&quot;&quot;,&quot;group_id&quot;:&quot;&quot;}\" data-list-id=\"\">\t\t\t<button type=\"submit\" class=\"wpr-button\">\n\t\t\t\t<span >\n\t\t\t\t\t\t\t\t\t\t\t\t\t\t\t\t<span>Demo jetzt anfordern<\/span>\n\t\t\t\t\t\t\t\t\t\t\t\t\t\t<\/span>\t\n\t\t\t\t<div class=\"wpr-double-bounce wpr-loader-hidden\">\n\t\t\t\t\t<div class=\"wpr-child wpr-double-bounce1\"><\/div>\n\t\t\t\t\t<div class=\"wpr-child wpr-double-bounce2\"><\/div>\n\t\t\t\t<\/div>\n\t\t\t<\/button>\n\t\t<\/div>\t\t\t\t\n\t\t\t<\/div>\n\t\t<\/form>\n\t  \t\t\t\t<\/div>\n\t\t\t\t<\/div>\n\t\t\t\t<\/div>\n\t\t\t\t<\/div>\n\t\t\t\t\t<\/div>\n\t\t\t\t<\/div>\n\t\t<div class=\"elementor-element elementor-element-4539f80 e-flex e-con-boxed wpr-particle-no wpr-jarallax-no wpr-parallax-no wpr-sticky-section-no e-con e-parent\" data-id=\"4539f80\" data-element_type=\"container\" data-e-type=\"container\">\n\t\t\t\t\t<div class=\"e-con-inner\">\n\t\t\t\t<div class=\"elementor-element elementor-element-34d1bdd elementor-widget elementor-widget-spacer\" data-id=\"34d1bdd\" data-element_type=\"widget\" data-e-type=\"widget\" data-widget_type=\"spacer.default\">\n\t\t\t\t<div class=\"elementor-widget-container\">\n\t\t\t\t\t\t\t<div class=\"elementor-spacer\">\n\t\t\t<div class=\"elementor-spacer-inner\"><\/div>\n\t\t<\/div>\n\t\t\t\t\t\t<\/div>\n\t\t\t\t<\/div>\n\t\t\t\t\t<\/div>\n\t\t\t\t<\/div>\n\t\t\t\t<\/div>\n\t\t","protected":false},"excerpt":{"rendered":"<p>Kostenlos und unverbindlich SAP live erleben \u2013 massgeschneidert f\u00fcr Ihr Unternehmen Jetzt SAP Business One erleben Sie m\u00f6chten wissen, wie SAP Business One konkret in Ihrem Unternehmen eingesetzt werden kann? In unserer Live-Demo zeigen wir Ihnen die L\u00f6sung in Aktion \u2013 verst\u00e4ndlich, kompakt und direkt auf Ihre Anforderungen ausgerichtet. Nutzen Sie die Gelegenheit, Ihre Fragen direkt zu stellen und zu sehen, wie SAP Business One in der Praxis funktioniert \u2013 ganz ohne Verpflichtung, aber mit echten Einblicken. Melden Sie sich jetzt zur n\u00e4chsten Live-Demo an \u2013 kostenlos und unverbindlich. Unternehmen Name Email Telefonnummer SAP L\u00f6sungen Bitte ausw\u00e4hlen SAP Webclient SAP Field Service Management Kassenl\u00f6sungen \/ SAP Customer Checkout SAP Footprint Management SAP f\u00fcr Startups und kleine Unternehmen SAP f\u00fcr internationale Unternehmen und Konzerne Branchen Bitte ausw\u00e4hlen Einzel- &amp; Gro\u00dfhandel High-Tech &amp; Elektronik Lebensmittel &amp; Getr\u00e4nke Maschinenbau &amp; Anlagenbau Pharma &amp; Chemie Produktion Service &amp; Dienstleistungen Erweiterungen Bitte ausw\u00e4hlen Basis Add-On Automatisches Rechnungsmanagement (Candis) Digital Invoice Verwaltung und Archivierung von Dokumenten Elektronische Zollabwicklung (Z-ATLAS) ELO-Integration Intercompany Mobile Lagerverwaltung (COBI.wms) Verwaltung von Mietvertr\u00e4gen Personalzeiterfassung (COBI.time) Produktinformanagementsystem (Perfion) Spesen- &amp; Ausgabenmanagement (Yokoy) Lohn- und Gehaltsabrechnung (SwissSalary) Verbindung zum Online-Shop-System (Webshop Connector) DSGVO Mit dem Absenden dieses Formulars erkl\u00e4ren Sie sich mit der Verarbeitung Ihrer Daten gem\u00e4\u00df unserer Datenschutzerkl\u00e4rung einverstanden. Demo jetzt anfordern<\/p>\n","protected":false},"author":5,"featured_media":0,"parent":0,"menu_order":0,"comment_status":"closed","ping_status":"closed","template":"page-templates\/template-pagebuilder-full-width.php","meta":{"neve_meta_sidebar":"","neve_meta_container":"","neve_meta_enable_content_width":"","neve_meta_content_width":0,"neve_meta_title_alignment":"","neve_meta_author_avatar":"","neve_post_elements_order":"","neve_meta_disable_header":"","neve_meta_disable_footer":"","neve_meta_disable_title":"","footnotes":""},"class_list":["post-14212","page","type-page","status-publish","hentry"],"_links":{"self":[{"href":"https:\/\/www.an-group.one\/ch\/wp-json\/wp\/v2\/pages\/14212","targetHints":{"allow":["GET"]}}],"collection":[{"href":"https:\/\/www.an-group.one\/ch\/wp-json\/wp\/v2\/pages"}],"about":[{"href":"https:\/\/www.an-group.one\/ch\/wp-json\/wp\/v2\/types\/page"}],"author":[{"embeddable":true,"href":"https:\/\/www.an-group.one\/ch\/wp-json\/wp\/v2\/users\/5"}],"replies":[{"embeddable":true,"href":"https:\/\/www.an-group.one\/ch\/wp-json\/wp\/v2\/comments?post=14212"}],"version-history":[{"count":0,"href":"https:\/\/www.an-group.one\/ch\/wp-json\/wp\/v2\/pages\/14212\/revisions"}],"wp:attachment":[{"href":"https:\/\/www.an-group.one\/ch\/wp-json\/wp\/v2\/media?parent=14212"}],"curies":[{"name":"wp","href":"https:\/\/api.w.org\/{rel}","templated":true}]}}